{"id":27773,"date":"2022-09-16T14:53:12","date_gmt":"2022-09-16T06:53:12","guid":{"rendered":"https:\/\/www.hkmu.edu.hk\/storiesoflove\/?page_id=27773"},"modified":"2022-09-18T14:50:51","modified_gmt":"2022-09-18T06:50:51","slug":"%e7%89%88%e6%ac%8a%e8%88%87%e5%85%8d%e8%b2%ac%e8%81%b2%e6%98%8e","status":"publish","type":"page","link":"https:\/\/www.hkmu.edu.hk\/storiesoflove\/tc\/%e7%89%88%e6%ac%8a%e8%88%87%e5%85%8d%e8%b2%ac%e8%81%b2%e6%98%8e\/","title":{"rendered":"\u7248\u6b0a\u8207\u514d\u8cac\u8072\u660e"},"content":{"rendered":"\t\t<div data-elementor-type=\"wp-page\" data-elementor-id=\"27773\" class=\"elementor elementor-27773\" data-elementor-settings=\"[]\">\n\t\t\t\t\t\t\t<div class=\"elementor-section-wrap\">\n\t\t\t\t\t\t\t<section class=\"has_eae_slider wavo-column-gap-default elementor-section elementor-top-section elementor-element elementor-element-e661ffa elementor-section-boxed elementor-section-height-default elementor-section-height-default\" data-id=\"e661ffa\" data-element_type=\"section\" data-settings=\"{&quot;jet_parallax_layout_list&quot;:[{&quot;jet_parallax_layout_image&quot;:{&quot;url&quot;:&quot;&quot;,&quot;id&quot;:&quot;&quot;},&quot;_id&quot;:&quot;b9bf99c&quot;,&quot;jet_parallax_layout_image_tablet&quot;:{&quot;url&quot;:&quot;&quot;,&quot;id&quot;:&quot;&quot;},&quot;jet_parallax_layout_image_mobile&quot;:{&quot;url&quot;:&quot;&quot;,&quot;id&quot;:&quot;&quot;},&quot;jet_parallax_layout_speed&quot;:{&quot;unit&quot;:&quot;%&quot;,&quot;size&quot;:50,&quot;sizes&quot;:[]},&quot;jet_parallax_layout_type&quot;:&quot;scroll&quot;,&quot;jet_parallax_layout_direction&quot;:null,&quot;jet_parallax_layout_fx_direction&quot;:null,&quot;jet_parallax_layout_z_index&quot;:&quot;&quot;,&quot;jet_parallax_layout_bg_x&quot;:50,&quot;jet_parallax_layout_bg_x_tablet&quot;:&quot;&quot;,&quot;jet_parallax_layout_bg_x_mobile&quot;:&quot;&quot;,&quot;jet_parallax_layout_bg_y&quot;:50,&quot;jet_parallax_layout_bg_y_tablet&quot;:&quot;&quot;,&quot;jet_parallax_layout_bg_y_mobile&quot;:&quot;&quot;,&quot;jet_parallax_layout_bg_size&quot;:&quot;auto&quot;,&quot;jet_parallax_layout_bg_size_tablet&quot;:&quot;&quot;,&quot;jet_parallax_layout_bg_size_mobile&quot;:&quot;&quot;,&quot;jet_parallax_layout_animation_prop&quot;:&quot;transform&quot;,&quot;jet_parallax_layout_on&quot;:[&quot;desktop&quot;,&quot;tablet&quot;]}]}\">\n\t\t\t\t\t\t<div class=\"elementor-container elementor-column-gap-default\">\n\t\t\t\t\t<div class=\"has_eae_slider elementor-column elementor-col-100 elementor-top-column elementor-element elementor-element-e4ff997\" data-id=\"e4ff997\" data-element_type=\"column\">\n\t\t\t<div class=\"elementor-widget-wrap elementor-element-populated\">\n\t\t\t\t\t\t\t\t<div class=\"elementor-element elementor-element-cc196b2 elementor-widget elementor-widget-text-editor\" data-id=\"cc196b2\" data-element_type=\"widget\" data-widget_type=\"text-editor.default\">\n\t\t\t\t<div class=\"elementor-widget-container\">\n\t\t\t\t\t\t\t\t<p><strong><u>Credits<\/u><\/strong><\/p><ul><li>Instrumental Music (2014), 2 On. <em>Youtube:<\/em> <a href=\"https:\/\/youtu.be\/6INvFpns0mE\">https:\/\/youtu.be\/6INvFpns0mE<\/a><\/li><li>A Whole New World. Songwriters: Alan Menken, Tim Rice. <em>ASCAP link:<\/em><a href=\"https:\/\/www.ascap.com\/repertory#\/ace\/search\/workID\/530373990\">https:\/\/www.ascap.com\/repertory#\/ace\/search\/workID\/530373990<\/a><\/li><li>V\u00edctor Hugo (2016), Another Day of Sun. <em>Youtube:<\/em> <a href=\"https:\/\/youtu.be\/CWnYIb2lqpo\">https:\/\/youtu.be\/CWnYIb2lqpo<\/a><\/li><li>MrMikeLyrical (2011), Can't Take My Eyes Off You. <em>Youtube:<\/em> <a href=\"https:\/\/youtu.be\/LcJm1pOswfM\">https:\/\/youtu.be\/LcJm1pOswfM<\/a><\/li><li>Close To You. Songwriters: Burt Bacharach, Hal David. <em>ASCAP link:<\/em><a href=\"https:\/\/www.ascap.com\/repertory#\/ace\/search\/workID\/500163773\">https:\/\/www.ascap.com\/repertory#\/ace\/search\/workID\/500163773<\/a><\/li><li>Beyonc\u00e9 (2009), D\u00e9j\u00e0 vu. <em>Youtube:<\/em> <a href=\"https:\/\/youtu.be\/RQ9BWndKEgs\">https:\/\/youtu.be\/RQ9BWndKEgs<\/a><\/li><li>HYBE LABELS (2020), Dynamite. <em>Youtube:<\/em> <a href=\"https:\/\/youtu.be\/gdZLi9oWNZg\">https:\/\/youtu.be\/gdZLi9oWNZg<\/a><\/li><li>BLACKPINK (2021), LALISA. <em>Youtube:<\/em> <a href=\"https:\/\/youtu.be\/awkkyBH2zEo\">https:\/\/youtu.be\/awkkyBH2zEo<\/a><\/li><li>Last Night of the World. Songwriters: Claude-Michel Sch\u00f6nberg, Alain Boublil, Richard Maltby Jr.<\/li><li>Lean on Me. Songwriter: Bill Withers. <em>ASCAP link:<\/em><a href=\"https:\/\/www.ascap.com\/repertory#\/ace\/search\/workID\/420263254\">https:\/\/www.ascap.com\/repertory#\/ace\/search\/workID\/420263254<\/a><\/li><li>Andr\u00e9 Rieu (2012), Love theme from Romeo and Juliet. <em>Youtube:<\/em> <a href=\"https:\/\/www.youtube.com\/watch?v=TEVGLXVhhns\">https:\/\/www.youtube.com\/watch?v=TEVGLXVhhns<\/a><\/li><li>Over the Rainbow. Songwriters: Harold Arlen, E Y Harburg. <em>ASCAP link:<\/em><a href=\"https:\/\/www.ascap.com\/repertory#\/ace\/search\/workID\/450062263\">https:\/\/www.ascap.com\/repertory#\/ace\/search\/workID\/450062263<\/a><\/li><li>A Great Big World (2013), Say Something. <em>Youtube:<\/em> <a href=\"https:\/\/youtu.be\/-2U0Ivkn2Ds\">https:\/\/youtu.be\/-2U0Ivkn2Ds<\/a><\/li><li>Seasons of Love (Instrumental Version), Songs from Rent: Karaoke. Stage Stars Records (2016).<\/li><li>Stand By Me. Songwriters: Ben E King, Jerry Leiber, Mike Stoller. <em>ASCAP link:<\/em><a href=\"https:\/\/www.ascap.com\/repertory#\/ace\/search\/workID\/490190308\">https:\/\/www.ascap.com\/repertory#\/ace\/search\/workID\/490190308<\/a><\/li><li>Start of Something New (Karaoke Instrumental), High School Musical (An Original Walt Disney Soundtrack). Walt Disney Records (2006).<\/li><li>This Is Me (Instrumental), The Greatest Showman (Original Motion Picture Soundtrack) [Sing-A-Long Edition]. WEA International Inc. (2018).<\/li><li>\u7530\u99a5\u7504\uff0c\u5c0f\u5e78\u904b\uff0c\u4f5c\u66f2\uff1aJerryC\uff0c\u4f5c\u8a5e\uff1a\u5f90\u4e16\u73cd\uff0c\u5433\u8f1d\u798f\u3002<\/li><li>\u592a\u5408\u97f3\u6a02 Taihe Music-\u7cbe\u9078 (2021), \u5149\u4eae. <em>Youtube:<\/em> <a href=\"https:\/\/youtu.be\/YU2nse4Ohe8\">https:\/\/youtu.be\/YU2nse4Ohe8<\/a><\/li><li>\u97cb\u79ae\u5b89 (2021), \u5982\u679c\u53ef\u4ee5. <em>Youtube:<\/em> <a href=\"https:\/\/youtu.be\/8MG--WuNW1Y\">https:\/\/youtu.be\/8MG&#8211;WuNW1Y<\/a><\/li><li>\u798f\u8302\u5531\u7247 (2018), \u6885\u9999\u5982\u6545. <em>Youtube:<\/em> <a href=\"https:\/\/youtu.be\/JYtK8sLOh2Y\">https:\/\/youtu.be\/JYtK8sLOh2Y<\/a><\/li><li>\u53e4\u5de8\u57fa\uff0c\u611b\u5f97\u592a\u9072\uff0c\u4f5c\u66f2\uff1a\u694a\u93ae\u90a6\uff0c\u4f5c\u8a5e\uff1a\u6797\u5915\u3002<\/li><li>Ada Xiao (2017), \u9d3b\u96c1. <em>Youtube:<\/em> <a href=\"https:\/\/youtu.be\/BNOvqIc4ndk\">https:\/\/youtu.be\/BNOvqIc4ndk<\/a><\/li><\/ul><p><u>\u00a0<\/u><\/p><p><strong><u>Disclaimer<\/u><\/strong><\/p><p>\u5289\u5efa\u570b (2022), \u5a5a\u79ae\u66f2 (\u55e9\u5450\u6f14\u594f). <em>Youtube:<\/em> <a href=\"https:\/\/www.youtube.com\/watch?v=Foy53Y0tASU\">https:\/\/www.youtube.com\/watch?v=Foy53Y0tASU<\/a><\/p><p>The HKMU has made every effort to contact the owners of the musical work reproduced in this event, but has not been able to do so in all cases.\u00a0 We would be pleased if the copyright owners we have been unable to trace would contact the University.<\/p>\t\t\t\t\t\t<\/div>\n\t\t\t\t<\/div>\n\t\t\t\t\t<\/div>\n\t\t<\/div>\n\t\t\t\t\t\t\t<\/div>\n\t\t<\/section>\n\t\t\t\t\t\t<\/div>\n\t\t\t\t\t<\/div>\n\t\t","protected":false},"excerpt":{"rendered":"<p>CreditsInstrumental Music (2014), 2 On. Youtube: https:\/\/youtu.be\/6INvFpns0mEA Whole New World. Songwriters: Alan Menken, Tim Rice. ASCAP link:https:\/\/www.ascap.com\/repertory#\/ace\/search\/workID\/530373990V\u00edctor Hugo (2016), Another Day of Sun. Youtube: https:\/\/youtu.be\/CWnYIb2lqpoMrMikeLyrical (2011), Can't Take My Eyes Off You. Youtube: https:\/\/youtu.be\/LcJm1pOswfMClose To You. Songwriters: Burt Bacharach, Hal David. ASCAP link:https:\/\/www.ascap.com\/repertory#\/ace\/search\/workID\/500163773Beyonc\u00e9 (2009), D\u00e9j\u00e0 vu. Youtube: https:\/\/youtu.be\/RQ9BWndKEgsHYBE LABELS (2020), Dynamite. Youtube: https:\/\/youtu.be\/gdZLi9oWNZgBLACKPINK (2021), LALISA....<\/p>\n","protected":false},"author":396,"featured_media":0,"parent":0,"menu_order":0,"comment_status":"closed","ping_status":"closed","template":"","meta":{"_expiration-date-status":"","_expiration-date":0,"_expiration-date-type":"","_expiration-date-categories":[],"_expiration-date-options":[]},"yoast_head":"<!-- This site is optimized with the Yoast SEO Premium plugin v17.3 (Yoast SEO v21.2) - https:\/\/yoast.com\/wordpress\/plugins\/seo\/ -->\n<title>\u7248\u6b0a\u8207\u514d\u8cac\u8072\u660e - Stories of Love<\/title>\n<meta name=\"robots\" content=\"index, follow, max-snippet:-1, max-image-preview:large, max-video-preview:-1\" \/>\n<link rel=\"canonical\" href=\"https:\/\/www.hkmu.edu.hk\/storiesoflove\/tc\/%e7%89%88%e6%ac%8a%e8%88%87%e5%85%8d%e8%b2%ac%e8%81%b2%e6%98%8e\/\" \/>\n<meta property=\"og:locale\" content=\"zh_TW\" \/>\n<meta property=\"og:type\" content=\"article\" \/>\n<meta property=\"og:title\" content=\"\u7248\u6b0a\u8207\u514d\u8cac\u8072\u660e\" \/>\n<meta property=\"og:description\" content=\"CreditsInstrumental Music (2014), 2 On. Youtube: https:\/\/youtu.be\/6INvFpns0mEA Whole New World. Songwriters: Alan Menken, Tim Rice. ASCAP\" \/>\n<meta property=\"og:url\" content=\"https:\/\/www.hkmu.edu.hk\/storiesoflove\/tc\/%e7%89%88%e6%ac%8a%e8%88%87%e5%85%8d%e8%b2%ac%e8%81%b2%e6%98%8e\/\" \/>\n<meta property=\"og:site_name\" content=\"Stories of Love\" \/>\n<meta property=\"article:modified_time\" content=\"2022-09-18T06:50:51+00:00\" \/>\n<meta name=\"twitter:card\" content=\"summary_large_image\" \/>\n<meta name=\"twitter:label1\" content=\"Est. reading time\" \/>\n\t<meta name=\"twitter:data1\" content=\"2 minutes\" \/>\n<!-- \/ Yoast SEO Premium plugin. -->","yoast_head_json":{"title":"\u7248\u6b0a\u8207\u514d\u8cac\u8072\u660e - Stories of Love","robots":{"index":"index","follow":"follow","max-snippet":"max-snippet:-1","max-image-preview":"max-image-preview:large","max-video-preview":"max-video-preview:-1"},"canonical":"https:\/\/www.hkmu.edu.hk\/storiesoflove\/tc\/%e7%89%88%e6%ac%8a%e8%88%87%e5%85%8d%e8%b2%ac%e8%81%b2%e6%98%8e\/","og_locale":"zh_TW","og_type":"article","og_title":"\u7248\u6b0a\u8207\u514d\u8cac\u8072\u660e","og_description":"CreditsInstrumental Music (2014), 2 On. Youtube: https:\/\/youtu.be\/6INvFpns0mEA Whole New World. Songwriters: Alan Menken, Tim Rice. ASCAP","og_url":"https:\/\/www.hkmu.edu.hk\/storiesoflove\/tc\/%e7%89%88%e6%ac%8a%e8%88%87%e5%85%8d%e8%b2%ac%e8%81%b2%e6%98%8e\/","og_site_name":"Stories of Love","article_modified_time":"2022-09-18T06:50:51+00:00","twitter_card":"summary_large_image","twitter_misc":{"Est. reading time":"2 minutes"},"schema":{"@context":"https:\/\/schema.org","@graph":[{"@type":"WebPage","@id":"https:\/\/www.hkmu.edu.hk\/storiesoflove\/tc\/%e7%89%88%e6%ac%8a%e8%88%87%e5%85%8d%e8%b2%ac%e8%81%b2%e6%98%8e\/","url":"https:\/\/www.hkmu.edu.hk\/storiesoflove\/tc\/%e7%89%88%e6%ac%8a%e8%88%87%e5%85%8d%e8%b2%ac%e8%81%b2%e6%98%8e\/","name":"\u7248\u6b0a\u8207\u514d\u8cac\u8072\u660e - Stories of Love","isPartOf":{"@id":"https:\/\/www.hkmu.edu.hk\/storiesoflove\/#website"},"datePublished":"2022-09-16T06:53:12+00:00","dateModified":"2022-09-18T06:50:51+00:00","breadcrumb":{"@id":"https:\/\/www.hkmu.edu.hk\/storiesoflove\/tc\/%e7%89%88%e6%ac%8a%e8%88%87%e5%85%8d%e8%b2%ac%e8%81%b2%e6%98%8e\/#breadcrumb"},"inLanguage":"zh-TW","potentialAction":[{"@type":"ReadAction","target":["https:\/\/www.hkmu.edu.hk\/storiesoflove\/tc\/%e7%89%88%e6%ac%8a%e8%88%87%e5%85%8d%e8%b2%ac%e8%81%b2%e6%98%8e\/"]}]},{"@type":"BreadcrumbList","@id":"https:\/\/www.hkmu.edu.hk\/storiesoflove\/tc\/%e7%89%88%e6%ac%8a%e8%88%87%e5%85%8d%e8%b2%ac%e8%81%b2%e6%98%8e\/#breadcrumb","itemListElement":[{"@type":"ListItem","position":1,"name":"Stories of Love","item":"\/storiesoflove\/tc\/"},{"@type":"ListItem","position":2,"name":"\u7248\u6b0a\u8207\u514d\u8cac\u8072\u660e"}]},{"@type":"WebSite","@id":"https:\/\/www.hkmu.edu.hk\/storiesoflove\/#website","url":"https:\/\/www.hkmu.edu.hk\/storiesoflove\/","name":"Stories of Love","description":"Stories of Love -  Hong Kong Metropolitan University","potentialAction":[{"@type":"SearchAction","target":{"@type":"EntryPoint","urlTemplate":"https:\/\/www.hkmu.edu.hk\/storiesoflove\/?s={search_term_string}"},"query-input":"required name=search_term_string"}],"inLanguage":"zh-TW"}]}},"_links":{"self":[{"href":"https:\/\/www.hkmu.edu.hk\/storiesoflove\/tc\/wp-json\/wp\/v2\/pages\/27773"}],"collection":[{"href":"https:\/\/www.hkmu.edu.hk\/storiesoflove\/tc\/wp-json\/wp\/v2\/pages"}],"about":[{"href":"https:\/\/www.hkmu.edu.hk\/storiesoflove\/tc\/wp-json\/wp\/v2\/types\/page"}],"author":[{"embeddable":true,"href":"https:\/\/www.hkmu.edu.hk\/storiesoflove\/tc\/wp-json\/wp\/v2\/users\/396"}],"replies":[{"embeddable":true,"href":"https:\/\/www.hkmu.edu.hk\/storiesoflove\/tc\/wp-json\/wp\/v2\/comments?post=27773"}],"version-history":[{"count":7,"href":"https:\/\/www.hkmu.edu.hk\/storiesoflove\/tc\/wp-json\/wp\/v2\/pages\/27773\/revisions"}],"predecessor-version":[{"id":28096,"href":"https:\/\/www.hkmu.edu.hk\/storiesoflove\/tc\/wp-json\/wp\/v2\/pages\/27773\/revisions\/28096"}],"wp:attachment":[{"href":"https:\/\/www.hkmu.edu.hk\/storiesoflove\/tc\/wp-json\/wp\/v2\/media?parent=27773"}],"curies":[{"name":"wp","href":"https:\/\/api.w.org\/{rel}","templated":true}]}}