{"id":48473,"date":"2023-08-30T10:54:36","date_gmt":"2023-08-30T02:54:36","guid":{"rendered":"https:\/\/www.hkmu.edu.hk\/alumni\/?page_id=48473"},"modified":"2024-01-23T14:17:15","modified_gmt":"2024-01-23T06:17:15","slug":"alumni-cafeopen-day","status":"publish","type":"page","link":"https:\/\/www.hkmu.edu.hk\/alumni\/events-and-activities\/pastevent\/alumni-cafeopen-day\/","title":{"rendered":"Alumni Caf\u00e9@Open Day"},"content":{"rendered":"\t\t<div data-elementor-type=\"wp-page\" data-elementor-id=\"48473\" class=\"elementor elementor-48473\" data-elementor-settings=\"[]\">\n\t\t\t\t\t\t\t<div class=\"elementor-section-wrap\">\n\t\t\t\t\t\t\t<section class=\"has_eae_slider wavo-column-gap-default elementor-section elementor-top-section elementor-element elementor-element-2ad7e917 elementor-section-boxed elementor-section-height-default elementor-section-height-default\" data-id=\"2ad7e917\" data-element_type=\"section\" data-settings=\"{&quot;jet_parallax_layout_list&quot;:[{&quot;jet_parallax_layout_image&quot;:{&quot;url&quot;:&quot;&quot;,&quot;id&quot;:&quot;&quot;},&quot;_id&quot;:&quot;89df9a8&quot;,&quot;jet_parallax_layout_image_tablet&quot;:{&quot;url&quot;:&quot;&quot;,&quot;id&quot;:&quot;&quot;},&quot;jet_parallax_layout_image_mobile&quot;:{&quot;url&quot;:&quot;&quot;,&quot;id&quot;:&quot;&quot;},&quot;jet_parallax_layout_speed&quot;:{&quot;unit&quot;:&quot;%&quot;,&quot;size&quot;:50,&quot;sizes&quot;:[]},&quot;jet_parallax_layout_type&quot;:&quot;scroll&quot;,&quot;jet_parallax_layout_direction&quot;:null,&quot;jet_parallax_layout_fx_direction&quot;:null,&quot;jet_parallax_layout_z_index&quot;:&quot;&quot;,&quot;jet_parallax_layout_bg_x&quot;:50,&quot;jet_parallax_layout_bg_x_tablet&quot;:&quot;&quot;,&quot;jet_parallax_layout_bg_x_mobile&quot;:&quot;&quot;,&quot;jet_parallax_layout_bg_y&quot;:50,&quot;jet_parallax_layout_bg_y_tablet&quot;:&quot;&quot;,&quot;jet_parallax_layout_bg_y_mobile&quot;:&quot;&quot;,&quot;jet_parallax_layout_bg_size&quot;:&quot;auto&quot;,&quot;jet_parallax_layout_bg_size_tablet&quot;:&quot;&quot;,&quot;jet_parallax_layout_bg_size_mobile&quot;:&quot;&quot;,&quot;jet_parallax_layout_animation_prop&quot;:&quot;transform&quot;,&quot;jet_parallax_layout_on&quot;:[&quot;desktop&quot;,&quot;tablet&quot;]}]}\">\n\t\t\t\t\t\t<div class=\"elementor-container elementor-column-gap-default\">\n\t\t\t\t\t<div class=\"has_eae_slider elementor-column elementor-col-100 elementor-top-column elementor-element elementor-element-6b4ac616\" data-id=\"6b4ac616\" data-element_type=\"column\">\n\t\t\t<div class=\"elementor-widget-wrap elementor-element-populated\">\n\t\t\t\t\t\t\t\t<div class=\"elementor-element elementor-element-4fa3d45e elementor-widget elementor-widget-text-editor\" data-id=\"4fa3d45e\" data-element_type=\"widget\" data-widget_type=\"text-editor.default\">\n\t\t\t\t<div class=\"elementor-widget-container\">\n\t\t\t\t\t\t\t\t<div><style type=\"text\/css\">.style1 {\n\t\t\t\ttext-align: right;\n}\n.style4 {\n\t\t\t\tline-height: 16pt;\n\t\t\t\tmargin-top: 0;\n\t\t\t\tmargin-bottom: 0;\n}\n.style7 {\n\t\t\t\tfont-size: 16pt;\n\t\t\t\tcolor: #990033;\n\t\t\t\tfont-family: Arial;\n}\n.style8 {\n\t\t\t\tfont-size: 14pt;\n}\n.style9 {\n\t\t\t\tline-height: 16pt;\n\t\t\t\tmargin-top: 0;\n\t\t\t\tmargin-bottom: 0;\n\t\t\t\tfont-size: 14pt;\n}\n.style10 {\n\t\t\t\tfont-family: Arial;\n}\n.style12 {\n\t\t\t\tfont-size: 7.0827e+033;\n}\n.style22 {\n\t\t\t\tcolor: #800080;\n\t\t\t\tfont-family: Arial;\n}\n.style23 {\n\t\t\t\tline-height: 16pt;\n\t\t\t\tmargin-top: 0;\n\t\t\t\tmargin-bottom: 0;\n\t\t\t\tfont-size: 14pt;\n\t\t\t\tfont-family: Arial;\n}\n.style25 {\n\t\t\t\tline-height: 16pt;\n\t\t\t\tmargin-top: 0;\n\t\t\t\tmargin-bottom: 0;\n\t\t\t\tfont-family: Arial;\n}\n.style28 {\n\t\t\t\tcolor: #800080;\n}\n.style29 {\n\t\t\t\tcolor: #000000;\n}\n.style30 {\n\t\t\t\tline-height: 16pt;\n\t\t\t\tmargin-top: 0;\n\t\t\t\tmargin-bottom: 0;\n\t\t\t\tfont-family: Arial;\n\t\t\t\tcolor: #000000;\n}\n.style31 {\n\t\t\t\ttext-align: justify;\n\t\t\t\tfont-family: Arial;\n}\n.style33 {\n\t\t\t\tbackground-color: #FFFF00;\n}\n.style34 {\n\t\t\t\tline-height: 16pt;\n\t\t\t\tmargin-top: 0;\n\t\t\t\tmargin-bottom: 0;\n\t\t\t\tfont-size: 16pt;\n\t\t\t\tcolor: #990033;\n\t\t\t\tfont-family: Arial;\n}\n.style36 {\n\t\t\t\tcolor: #006600;\n\t\t\t\tfont-family: Arial;\n\t\t\t\tfont-size: 14pt;\n}\n.style37 {\n\t\t\t\tline-height: 16pt;\n\t\t\t\tmargin-top: 0;\n\t\t\t\tmargin-bottom: 0;\n\t\t\t\tfont-family: Arial;\n\t\t\t\tcolor: #D42431;\n}\n.style43 {\n\t\t\t\tbackground-color: #FFFFFF;\n}\t\n.style44 {\n\t\t\t\tcolor: #006600;\n\t\t\t\tfont-family: Arial;\n}\n.style46 {\n\t\t\t\tcolor: rgb(0, 102, 0);\n}\n.style47 {\n\t\t\t\tfont-size: 14pt;\n\t\t\t\ttext-align: left;\n}\n.style48 {\n\t\t\t\tcolor: #006600;\n\t\t\t\tfont-family: Arial;\n\t\t\t\tfont-size: 14pt;\n\t\t\t\ttext-align: left;\n}<\/style><table style=\"width: 100%; height: auto;\"><tbody><tr><td valign=\"top\"><p class=\"style25\"> <noscript><img decoding=\"async\" src=\"https:\/\/www.hkmu.edu.hk\/PAU\/AlumniLink\/AlumniCafe_20190921\/20190921_Alumni%20Cafe_banner.jpg\" style=\"width: 100%; height: auto; max-width: 100%;\"><\/noscript><img decoding=\"async\" class=\" lazyloaded\" src=\"https:\/\/www.hkmu.edu.hk\/PAU\/AlumniLink\/AlumniCafe_20190921\/20190921_Alumni%20Cafe_banner.jpg\" data-src=\"https:\/\/www.hkmu.edu.hk\/PAU\/AlumniLink\/AlumniCafe_20190921\/20190921_Alumni%20Cafe_banner.jpg\" style=\"width: 100%; height: auto; max-width: 100%;\"><\/p><p class=\"style37\"> &nbsp;<\/p><\/td><\/tr><tr><td class=\"style1\"><p class=\"style9\"> <span class=\"style10\"><span class=\"style28\">Please<\/span> <span class=\"style33\"> <span class=\"style43\"> <a href=\"https:\/\/www.hkmu.edu.hk\/PAU\/AlumniLink\/AlumniCafe_20190921\/20190921_Alumni%20Cafe_Poster.jpg\" target=\"_blank\" data-wpel-link=\"external\" rel=\"external noopener noreferrer\">click here<\/a><\/span><\/span><\/span><span class=\"style22\"> to download the poster.<\/span><\/p><\/td><\/tr><tr><td><p class=\"style34\"> <strong>Alumni Caf\u00e9@Open Day <\/strong><\/p><\/td><\/tr><tr><td class=\"style36\"><p class=\"style4\"> <strong>On 21 September the Alumni Caf\u00e9 in old Hong Kong style will pop up on the Jockey Club Campus. Check out more at this mini carnival! <\/strong><\/p><p class=\"style4\"> &nbsp;<\/p><\/td><\/tr><tr><td valign=\"top\"><p class=\"style25\"> <noscript><img decoding=\"async\" src=\"https:\/\/www.hkmu.edu.hk\/PAU\/AlumniLink\/AlumniCafe_20190921\/20190921_Alumni%20Cafe_Menu.jpg\" style=\"width: 100%; height: auto; max-width: 100%;\"><\/noscript><img decoding=\"async\" class=\" lazyloading\" src=\"https:\/\/www.hkmu.edu.hk\/PAU\/AlumniLink\/AlumniCafe_20190921\/20190921_Alumni%20Cafe_Menu.jpg\" data-src=\"https:\/\/www.hkmu.edu.hk\/PAU\/AlumniLink\/AlumniCafe_20190921\/20190921_Alumni%20Cafe_Menu.jpg\" style=\"width: 100%; height: auto; max-width: 100%;\"><\/p><p class=\"style25\"> &nbsp;<\/p><\/td><\/tr><\/tbody><\/table><table style=\"width: 100%; height: auto;\"><tbody><tr><td colspan=\"2\"><p class=\"style34\"> <strong>Clay food miniature workshop<\/strong><\/p><\/td><\/tr><tr><td colspan=\"2\"><p class=\"style23\"> Free admission. All alumni are welcome to&nbsp;<a href=\"https:\/\/student.intranet.ouhk.edu.hk\/ers\/prod\/ERS_detail.jsp?eid=003130&amp;lang=eng&amp;mode=all&amp;preview=yhttps:\/\/student.intranet.ouhk.edu.hk\/ers\/prod\/ERS_detail.jsp?eid=003130&amp;lang=chi&amp;mode=all\" target=\"_blank\" data-wpel-link=\"external\" rel=\"external noopener noreferrer\">register<\/a> online and come along with families and friends.<\/p><p class=\"style25\"> &nbsp;<\/p><\/td><\/tr><tr><td colspan=\"2\"><p class=\"style34\"> <strong>Details<\/strong><\/p><\/td><\/tr><tr><td class=\"style8\" style=\"width: 15%\" valign=\"top\"><p class=\"style25\"> Date:<\/p><\/td><td style=\"width: 85%\" valign=\"top\"><p class=\"style23\"> 21 September 2019 (Saturday)<\/p><\/td><\/tr><tr><td style=\"width: 15%\" valign=\"top\"><p class=\"style23\"> Time:&nbsp;<\/p><\/td><td class=\"style8\" style=\"width: 85%\" valign=\"top\"><p class=\"style25\"> 12:00 noon \u2013 5:00 pm<\/p><\/td><\/tr><tr><td class=\"style12\" style=\"width: 15%\" valign=\"top\"><p class=\"style23\"> Venue:<\/p><\/td><td class=\"style8\" style=\"width: 85%\" valign=\"top\"><p class=\"style25\"> 2\/F, Jockey Club Campus, The OUHK<\/p><p class=\"style30\"> <a href=\"https:\/\/www.hkmu.edu.hk\/wcsprd\/Satellite?pagename=OUHK\/tcAdmSing&amp;c=C_AAU&amp;cid=1385172545728&amp;lang=chi&amp;sch=AAU\" target=\"_blank\" data-wpel-link=\"external\" rel=\"external noopener noreferrer\"><span class=\"style29\">(81 Chung Hau Street, Ho Man Tin, Kowloon)<\/span><\/a><\/p><p class=\"style30\"> &nbsp;<\/p><\/td><\/tr><\/tbody><\/table><table style=\"width: 100%; height: auto;\"><tbody><tr><td class=\"style8\" colspan=\"2\" style=\"width: 28%\" valign=\"top\"><p class=\"style4\"> <strong><span class=\"style7\">Workshop instructor&nbsp;<\/span><\/strong><\/p><p class=\"style4\"> &nbsp;<\/p><div class=\"style31\"><p class=\"style4\"> Lai Yuek-hei (BA with Honours in Creative Writing and Film Arts 2014) founded the Tenfingersworkshop when studying at the OUHK. She specializes in making resin clay miniatures featuring local food culture.<br> &nbsp;<\/p><\/div><\/td><td class=\"style8\" rowspan=\"3\" style=\"width: 50%\" valign=\"top\"> <noscript><img decoding=\"async\" alt=\"\" src=\"https:\/\/www.hkmu.edu.hk\/PAU\/AlumniLink\/AlumniCafe_20190921\/Lai%20Yeuk-hei.jpg\" style=\"width: 100%; height: auto; max-width: 100%;\"><\/noscript><img decoding=\"async\" class=\" lazyloaded\" alt=\"\" src=\"https:\/\/www.hkmu.edu.hk\/PAU\/AlumniLink\/AlumniCafe_20190921\/Lai%20Yeuk-hei.jpg\" data-src=\"https:\/\/www.hkmu.edu.hk\/PAU\/AlumniLink\/AlumniCafe_20190921\/Lai%20Yeuk-hei.jpg\" style=\"width: 100%; height: auto; max-width: 100%;\"><\/td><\/tr><tr><td class=\"style36\" style=\"width: 14%\" valign=\"top\"> <span class=\"style44\" style=\"font-style: normal; font-variant-ligatures: normal; font-variant-caps: normal; font-weight: 400; letter-spacing: normal; orphans: 2; text-align: justify; text-indent: 0px; text-transform: none; white-space: normal; widows: 2; word-spacing: 0px; -webkit-text-stroke-width: 0px; background-color: rgb(255, 255, 255); text-decoration-style: initial; text-decoration-color: initial; display: inline !important; float: none;\"><strong>Organizer:<\/strong><\/span><\/td><td class=\"style48\" style=\"width: 28%\" valign=\"top\"> <strong>Alumni Affairs Office, Public Affairs Unit<\/strong><\/td><\/tr><tr><td class=\"style36\" style=\"width: 14%\" valign=\"top\"> <strong>Enquiry:<\/strong><\/td><td class=\"style47\" style=\"width: 28%\" valign=\"top\"> <strong><span class=\"style10\"><span class=\"style46\">Ms Cheung, Public Affairs Unit<\/span><\/span><br> <span class=\"style44\">(Tel: 2768 6381 \/ Email: <\/span> <a href=\"mailto:alumni@ouhk.edu.hk\"> <span class=\"style44\">alumni@ouhk.edu.hk<\/span><\/a><span class=\"style44\">)<\/span><\/strong><\/td><\/tr><\/tbody><\/table><\/div>\t\t\t\t\t\t<\/div>\n\t\t\t\t<\/div>\n\t\t\t\t\t<\/div>\n\t\t<\/div>\n\t\t\t\t\t\t\t<\/div>\n\t\t<\/section>\n\t\t\t\t\t\t<\/div>\n\t\t\t\t\t<\/div>\n\t\t","protected":false},"excerpt":{"rendered":"<p>&nbsp; Please click here to download the poster. Alumni Caf\u00e9@Open Day On 21 September the Alumni Caf\u00e9 in old Hong Kong style will pop up on the Jockey Club Campus. Check out more at this mini carnival! &nbsp; &nbsp; Clay food miniature workshop Free admission. All alumni are welcome to&nbsp;register online and come along with...<\/p>\n","protected":false},"author":1,"featured_media":14600,"parent":207,"menu_order":0,"comment_status":"closed","ping_status":"closed","template":"content_default_2.php","meta":{"_expiration-date-status":"","_expiration-date":0,"_expiration-date-type":"","_expiration-date-categories":[],"_expiration-date-options":[]},"yoast_head":"<!-- This site is optimized with the Yoast SEO Premium plugin v17.3 (Yoast SEO v21.2) - https:\/\/yoast.com\/wordpress\/plugins\/seo\/ -->\n<title>Alumni Caf\u00e9@Open Day - Alumni - Hong Kong Metropolitan University<\/title>\n<meta name=\"robots\" content=\"index, follow, max-snippet:-1, max-image-preview:large, max-video-preview:-1\" \/>\n<link rel=\"canonical\" href=\"https:\/\/www.hkmu.edu.hk\/alumni\/events-and-activities\/pastevent\/alumni-cafeopen-day\/\" \/>\n<meta property=\"og:locale\" content=\"en_US\" \/>\n<meta property=\"og:type\" content=\"article\" \/>\n<meta property=\"og:title\" content=\"Alumni Caf\u00e9@Open Day\" \/>\n<meta property=\"og:description\" content=\"&nbsp; Please click here to download the poster. Alumni Caf\u00e9@Open Day On 21 September the Alumni Caf\u00e9 in old Hong Kong style will pop up on the Jockey Club Campus. Check out more at this mini carnival! &nbsp; &nbsp; Clay food miniature workshop Free admission. All alumni are welcome to&nbsp;register online and come along with...\" \/>\n<meta property=\"og:url\" content=\"https:\/\/www.hkmu.edu.hk\/alumni\/events-and-activities\/pastevent\/alumni-cafeopen-day\/\" \/>\n<meta property=\"og:site_name\" content=\"Alumni - Hong Kong Metropolitan University\" \/>\n<meta property=\"article:modified_time\" content=\"2024-01-23T06:17:15+00:00\" \/>\n<meta property=\"og:image\" content=\"https:\/\/www.hkmu.edu.hk\/alumni\/wp-content\/uploads\/sites\/21\/2021\/08\/Alum-Act-Graduates_035-scaled.jpg\" \/>\n\t<meta property=\"og:image:width\" content=\"2560\" \/>\n\t<meta property=\"og:image:height\" content=\"593\" \/>\n\t<meta property=\"og:image:type\" content=\"image\/jpeg\" \/>\n<meta name=\"twitter:card\" content=\"summary_large_image\" \/>\n<meta name=\"twitter:label1\" content=\"Est. reading time\" \/>\n\t<meta name=\"twitter:data1\" content=\"2 minutes\" \/>\n<!-- \/ Yoast SEO Premium plugin. -->","yoast_head_json":{"title":"Alumni Caf\u00e9@Open Day - Alumni - Hong Kong Metropolitan University","robots":{"index":"index","follow":"follow","max-snippet":"max-snippet:-1","max-image-preview":"max-image-preview:large","max-video-preview":"max-video-preview:-1"},"canonical":"https:\/\/www.hkmu.edu.hk\/alumni\/events-and-activities\/pastevent\/alumni-cafeopen-day\/","og_locale":"en_US","og_type":"article","og_title":"Alumni Caf\u00e9@Open Day","og_description":"&nbsp; Please click here to download the poster. Alumni Caf\u00e9@Open Day On 21 September the Alumni Caf\u00e9 in old Hong Kong style will pop up on the Jockey Club Campus. Check out more at this mini carnival! &nbsp; &nbsp; Clay food miniature workshop Free admission. All alumni are welcome to&nbsp;register online and come along with...","og_url":"https:\/\/www.hkmu.edu.hk\/alumni\/events-and-activities\/pastevent\/alumni-cafeopen-day\/","og_site_name":"Alumni - Hong Kong Metropolitan University","article_modified_time":"2024-01-23T06:17:15+00:00","og_image":[{"width":2560,"height":593,"url":"https:\/\/www.hkmu.edu.hk\/alumni\/wp-content\/uploads\/sites\/21\/2021\/08\/Alum-Act-Graduates_035-scaled.jpg","type":"image\/jpeg"}],"twitter_card":"summary_large_image","twitter_misc":{"Est. reading time":"2 minutes"},"schema":{"@context":"https:\/\/schema.org","@graph":[{"@type":"WebPage","@id":"https:\/\/www.hkmu.edu.hk\/alumni\/events-and-activities\/pastevent\/alumni-cafeopen-day\/","url":"https:\/\/www.hkmu.edu.hk\/alumni\/events-and-activities\/pastevent\/alumni-cafeopen-day\/","name":"Alumni Caf\u00e9@Open Day - Alumni - Hong Kong Metropolitan University","isPartOf":{"@id":"https:\/\/www.hkmu.edu.hk\/alumni\/#website"},"datePublished":"2023-08-30T02:54:36+00:00","dateModified":"2024-01-23T06:17:15+00:00","breadcrumb":{"@id":"https:\/\/www.hkmu.edu.hk\/alumni\/events-and-activities\/pastevent\/alumni-cafeopen-day\/#breadcrumb"},"inLanguage":"en-US","potentialAction":[{"@type":"ReadAction","target":["https:\/\/www.hkmu.edu.hk\/alumni\/events-and-activities\/pastevent\/alumni-cafeopen-day\/"]}]},{"@type":"BreadcrumbList","@id":"https:\/\/www.hkmu.edu.hk\/alumni\/events-and-activities\/pastevent\/alumni-cafeopen-day\/#breadcrumb","itemListElement":[{"@type":"ListItem","position":1,"name":"Alumni","item":"\/alumni\/"},{"@type":"ListItem","position":2,"name":"Events and Activities","item":"https:\/\/www.hkmu.edu.hk\/alumni\/events-and-activities\/"},{"@type":"ListItem","position":3,"name":"Past Event","item":"https:\/\/www.hkmu.edu.hk\/alumni\/events-and-activities\/pastevent\/"},{"@type":"ListItem","position":4,"name":"Alumni Caf\u00e9@Open Day"}]},{"@type":"WebSite","@id":"https:\/\/www.hkmu.edu.hk\/alumni\/#website","url":"https:\/\/www.hkmu.edu.hk\/alumni\/","name":"Alumni - Hong Kong Metropolitan University","description":"Alumni - Hong Kong Metropolitan University","potentialAction":[{"@type":"SearchAction","target":{"@type":"EntryPoint","urlTemplate":"https:\/\/www.hkmu.edu.hk\/alumni\/?s={search_term_string}"},"query-input":"required name=search_term_string"}],"inLanguage":"en-US"}]}},"_links":{"self":[{"href":"https:\/\/www.hkmu.edu.hk\/alumni\/wp-json\/wp\/v2\/pages\/48473"}],"collection":[{"href":"https:\/\/www.hkmu.edu.hk\/alumni\/wp-json\/wp\/v2\/pages"}],"about":[{"href":"https:\/\/www.hkmu.edu.hk\/alumni\/wp-json\/wp\/v2\/types\/page"}],"author":[{"embeddable":true,"href":"https:\/\/www.hkmu.edu.hk\/alumni\/wp-json\/wp\/v2\/users\/1"}],"replies":[{"embeddable":true,"href":"https:\/\/www.hkmu.edu.hk\/alumni\/wp-json\/wp\/v2\/comments?post=48473"}],"version-history":[{"count":7,"href":"https:\/\/www.hkmu.edu.hk\/alumni\/wp-json\/wp\/v2\/pages\/48473\/revisions"}],"predecessor-version":[{"id":49108,"href":"https:\/\/www.hkmu.edu.hk\/alumni\/wp-json\/wp\/v2\/pages\/48473\/revisions\/49108"}],"up":[{"embeddable":true,"href":"https:\/\/www.hkmu.edu.hk\/alumni\/wp-json\/wp\/v2\/pages\/207"}],"wp:featuredmedia":[{"embeddable":true,"href":"https:\/\/www.hkmu.edu.hk\/alumni\/wp-json\/wp\/v2\/media\/14600"}],"wp:attachment":[{"href":"https:\/\/www.hkmu.edu.hk\/alumni\/wp-json\/wp\/v2\/media?parent=48473"}],"curies":[{"name":"wp","href":"https:\/\/api.w.org\/{rel}","templated":true}]}}